{"id":1683,"date":"2024-08-29T22:11:32","date_gmt":"2024-08-29T22:11:32","guid":{"rendered":"https:\/\/aguacolliguay.cl\/_web\/?page_id=1683"},"modified":"2025-02-04T19:50:01","modified_gmt":"2025-02-04T19:50:01","slug":"factibilidad","status":"publish","type":"page","link":"https:\/\/aguacolliguay.cl\/_web\/factibilidad\/","title":{"rendered":"Factibilidad"},"content":{"rendered":"\t\t<div data-elementor-type=\"wp-page\" data-elementor-id=\"1683\" class=\"elementor elementor-1683\" data-elementor-post-type=\"page\">\n\t\t\t\t\t\t<section class=\"elementor-section elementor-top-section elementor-element elementor-element-7a82ae60 elementor-section-content-top elementor-section-boxed elementor-section-height-default elementor-section-height-default\" data-id=\"7a82ae60\" data-element_type=\"section\" data-e-type=\"section\" data-settings=\"{&quot;background_background&quot;:&quot;classic&quot;}\">\n\t\t\t\t\t\t\t<div class=\"elementor-background-overlay\"><\/div>\n\t\t\t\t\t\t\t<div class=\"elementor-container elementor-column-gap-no\">\n\t\t\t\t\t<div class=\"elementor-column elementor-col-100 elementor-top-column elementor-element elementor-element-4efee2e1\" data-id=\"4efee2e1\" data-element_type=\"column\" data-e-type=\"column\">\n\t\t\t<div class=\"elementor-widget-wrap elementor-element-populated\">\n\t\t\t\t\t\t<div class=\"elementor-element elementor-element-60ff5930 elementor-view-default elementor-invisible elementor-widget elementor-widget-icon\" data-id=\"60ff5930\" data-element_type=\"widget\" data-e-type=\"widget\" data-settings=\"{&quot;_animation&quot;:&quot;fadeInUp&quot;}\" data-widget_type=\"icon.default\">\n\t\t\t\t<div class=\"elementor-widget-container\">\n\t\t\t\t\t\t\t<div class=\"elementor-icon-wrapper\">\n\t\t\t<div class=\"elementor-icon\">\n\t\t\t<svg aria-hidden=\"true\" class=\"e-font-icon-svg e-fas-project-diagram\" viewBox=\"0 0 640 512\" xmlns=\"http:\/\/www.w3.org\/2000\/svg\"><path d=\"M384 320H256c-17.67 0-32 14.33-32 32v128c0 17.67 14.33 32 32 32h128c17.67 0 32-14.33 32-32V352c0-17.67-14.33-32-32-32zM192 32c0-17.67-14.33-32-32-32H32C14.33 0 0 14.33 0 32v128c0 17.67 14.33 32 32 32h95.72l73.16 128.04C211.98 300.98 232.4 288 256 288h.28L192 175.51V128h224V64H192V32zM608 0H480c-17.67 0-32 14.33-32 32v128c0 17.67 14.33 32 32 32h128c17.67 0 32-14.33 32-32V32c0-17.67-14.33-32-32-32z\"><\/path><\/svg>\t\t\t<\/div>\n\t\t<\/div>\n\t\t\t\t\t\t<\/div>\n\t\t\t\t<\/div>\n\t\t\t\t<div class=\"elementor-element elementor-element-7c2bfe23 elementor-widget__width-initial elementor-invisible elementor-widget elementor-widget-heading\" data-id=\"7c2bfe23\" data-element_type=\"widget\" data-e-type=\"widget\" data-settings=\"{&quot;_animation&quot;:&quot;fadeIn&quot;}\" data-widget_type=\"heading.default\">\n\t\t\t\t<div class=\"elementor-widget-container\">\n\t\t\t\t\t<h2 class=\"elementor-heading-title elementor-size-xxl\">Nuevo <br>arranque<\/h2>\t\t\t\t<\/div>\n\t\t\t\t<\/div>\n\t\t\t\t<div class=\"elementor-element elementor-element-2d7cc325 elementor-align-left elementor-invisible elementor-widget elementor-widget-button\" data-id=\"2d7cc325\" data-element_type=\"widget\" data-e-type=\"widget\" data-settings=\"{&quot;_animation&quot;:&quot;fadeInUp&quot;,&quot;_animation_delay&quot;:800}\" data-widget_type=\"button.default\">\n\t\t\t\t<div class=\"elementor-widget-container\">\n\t\t\t\t\t\t\t\t\t<div class=\"elementor-button-wrapper\">\n\t\t\t\t\t<a class=\"elementor-button elementor-size-md elementor-animation-float\" role=\"button\">\n\t\t\t\t\t\t<span class=\"elementor-button-content-wrapper\">\n\t\t\t\t\t\t<span class=\"elementor-button-icon\">\n\t\t\t\t<svg aria-hidden=\"true\" class=\"e-font-icon-svg e-fas-long-arrow-alt-right\" viewBox=\"0 0 448 512\" xmlns=\"http:\/\/www.w3.org\/2000\/svg\"><path d=\"M313.941 216H12c-6.627 0-12 5.373-12 12v56c0 6.627 5.373 12 12 12h301.941v46.059c0 21.382 25.851 32.09 40.971 16.971l86.059-86.059c9.373-9.373 9.373-24.569 0-33.941l-86.059-86.059c-15.119-15.119-40.971-4.411-40.971 16.971V216z\"><\/path><\/svg>\t\t\t<\/span>\n\t\t\t\t\t\t\t\t\t<span class=\"elementor-button-text\">condiciones<\/span>\n\t\t\t\t\t<\/span>\n\t\t\t\t\t<\/a>\n\t\t\t\t<\/div>\n\t\t\t\t\t\t\t\t<\/div>\n\t\t\t\t<\/div>\n\t\t\t\t\t<\/div>\n\t\t<\/div>\n\t\t\t\t<div class=\"elementor-column elementor-col-100 elementor-top-column elementor-element elementor-element-50e6894d\" data-id=\"50e6894d\" data-element_type=\"column\" data-e-type=\"column\">\n\t\t\t<div class=\"elementor-widget-wrap elementor-element-populated\">\n\t\t\t\t\t\t<div class=\"elementor-element elementor-element-d200dcf elementor-widget elementor-widget-image\" data-id=\"d200dcf\" data-element_type=\"widget\" data-e-type=\"widget\" data-widget_type=\"image.default\">\n\t\t\t\t<div class=\"elementor-widget-container\">\n\t\t\t\t\t\t\t\t\t\t\t\t\t\t\t<img fetchpriority=\"high\" decoding=\"async\" width=\"800\" height=\"450\" src=\"https:\/\/aguacolliguay.cl\/_web\/wp-content\/uploads\/2024\/09\/vasoagua-1024x576.webp\" class=\"attachment-large size-large wp-image-1819\" alt=\"\" srcset=\"https:\/\/aguacolliguay.cl\/_web\/wp-content\/uploads\/2024\/09\/vasoagua-1024x576.webp 1024w, https:\/\/aguacolliguay.cl\/_web\/wp-content\/uploads\/2024\/09\/vasoagua-300x169.webp 300w, https:\/\/aguacolliguay.cl\/_web\/wp-content\/uploads\/2024\/09\/vasoagua-768x432.webp 768w, https:\/\/aguacolliguay.cl\/_web\/wp-content\/uploads\/2024\/09\/vasoagua-1536x864.webp 1536w, https:\/\/aguacolliguay.cl\/_web\/wp-content\/uploads\/2024\/09\/vasoagua.webp 1706w\" sizes=\"(max-width: 800px) 100vw, 800px\" \/>\t\t\t\t\t\t\t\t\t\t\t\t\t\t\t<\/div>\n\t\t\t\t<\/div>\n\t\t\t\t<div class=\"elementor-element elementor-element-46dc18a elementor-widget elementor-widget-heading\" data-id=\"46dc18a\" data-element_type=\"widget\" data-e-type=\"widget\" data-widget_type=\"heading.default\">\n\t\t\t\t<div class=\"elementor-widget-container\">\n\t\t\t\t\t<h2 class=\"elementor-heading-title elementor-size-default\">Factibilidad de Servicio<\/h2>\t\t\t\t<\/div>\n\t\t\t\t<\/div>\n\t\t\t\t<div class=\"elementor-element elementor-element-0872cbb elementor-widget elementor-widget-text-editor\" data-id=\"0872cbb\" data-element_type=\"widget\" data-e-type=\"widget\" data-widget_type=\"text-editor.default\">\n\t\t\t\t<div class=\"elementor-widget-container\">\n\t\t\t\t\t\t\t\t\t<p style=\"text-align: justify;\">Permite a personas que viven en sectores rurales solicitar la evaluaci\u00f3n de factibilidad t\u00e9cnica de nuevas conexiones de agua potable y el certificado correspondiente.<\/p>\t\t\t\t\t\t\t\t<\/div>\n\t\t\t\t<\/div>\n\t\t\t\t<div class=\"elementor-element elementor-element-3fb40a1 elementor-widget elementor-widget-html\" data-id=\"3fb40a1\" data-element_type=\"widget\" data-e-type=\"widget\" data-widget_type=\"html.default\">\n\t\t\t\t<div class=\"elementor-widget-container\">\n\t\t\t\t\t<style>\r\n    .numbered-list {\r\n        list-style-type: none;\r\n        padding: 0;\r\n    }\r\n\r\n    .numbered-list li {\r\n        display: flex;\r\n        align-items: center;\r\n        margin-bottom: 10px;\r\n        color: blue;\r\n        font-weight: bold;\r\n    }\r\n\r\n    .numbered-list li::before {\r\n        content: counter(li);\r\n        counter-increment: li;\r\n        width: 25px;\r\n        height: 25px;\r\n        border-radius: 50%;\r\n        background-color: red;\r\n        color: white;\r\n        text-align: center;\r\n        margin-right: 10px;\r\n        display: flex;\r\n        justify-content: center;\r\n        align-items: center;\r\n        font-weight: bold;\r\n    }\r\n\r\n    .numbered-list {\r\n        counter-reset: li;\r\n    }\r\n<\/style>\r\n\r\n<ul class=\"numbered-list\">\r\n    <li><a target=\"_blank\" href=\"https:\/\/aguacolliguay.cl\/factibilidad\/fact_.html\" style=\"color: darkblue; text-decoration: none;\" onmouseover=\"this.style.color='darkblue';\" onmouseout=\"this.style.color='blue';\" onmousedown=\"this.style.color='blue';\"> Formulario Online<\/a> <\/li>\r\n    <li>\r\n    <a href=\"https:\/\/aguacolliguay.cl\/factibilidad\/form.pdf\" download style=\"color: darkblue; text-decoration: none;\" onmouseover=\"this.style.color='darkblue';\" onmouseout=\"this.style.color='blue';\" onmousedown=\"this.style.color='blue';\">Descargar Formulario<\/a>\r\n <\/li>\r\n<\/ul>\r\n\t\t\t\t<\/div>\n\t\t\t\t<\/div>\n\t\t\t\t<div class=\"elementor-element elementor-element-53d9655 elementor-widget elementor-widget-eael-fancy-text\" data-id=\"53d9655\" data-element_type=\"widget\" data-e-type=\"widget\" data-widget_type=\"eael-fancy-text.default\">\n\t\t\t\t<div class=\"elementor-widget-container\">\n\t\t\t\t\t\n\t<div  class=\"eael-fancy-text-container style-1\" data-fancy-text-id=\"53d9655\" data-fancy-text=\"|* De faltar antecedentes no se da curso|a ingreso de solicitud de factibilidad.\" data-fancy-text-transition-type=\"typing\" data-fancy-text-speed=\"50\" data-fancy-text-delay=\"500\" data-fancy-text-cursor=\"yes\" data-fancy-text-loop=\"yes\" data-fancy-text-action=\"page_load\" >\n\t\t\n\t\t\n\t\t\t\t\t<span id=\"eael-fancy-text-53d9655\" class=\"eael-fancy-text-strings solid-color\">\n\t\t\t\t<noscript>\n\t\t\t\t\t* De faltar antecedentes no se da curso, a ingreso de solicitud de factibilidad.\t\t\t\t<\/noscript>\n\t\t\t<\/span>\n\t\t\n\t\t\t<\/div><!-- close .eael-fancy-text-container -->\n\n\t<div class=\"clearfix\"><\/div>\n\n\t\t\t\t\t<\/div>\n\t\t\t\t<\/div>\n\t\t\t\t\t<\/div>\n\t\t<\/div>\n\t\t\t\t<div class=\"elementor-column elementor-col-100 elementor-top-column elementor-element elementor-element-1db1656a\" data-id=\"1db1656a\" data-element_type=\"column\" data-e-type=\"column\">\n\t\t\t<div class=\"elementor-widget-wrap elementor-element-populated\">\n\t\t\t\t\t\t<div class=\"elementor-element elementor-element-48e5bb9 elementor-widget elementor-widget-eael-fancy-text\" data-id=\"48e5bb9\" data-element_type=\"widget\" data-e-type=\"widget\" data-widget_type=\"eael-fancy-text.default\">\n\t\t\t\t<div class=\"elementor-widget-container\">\n\t\t\t\t\t\n\t<div  class=\"eael-fancy-text-container style-1\" data-fancy-text-id=\"48e5bb9\" data-fancy-text=\"|Debes saber...\" data-fancy-text-transition-type=\"typing\" data-fancy-text-speed=\"50\" data-fancy-text-delay=\"2500\" data-fancy-text-cursor=\"yes\" data-fancy-text-loop=\"yes\" data-fancy-text-action=\"page_load\" >\n\t\t\n\t\t\n\t\t\t\t\t<span id=\"eael-fancy-text-48e5bb9\" class=\"eael-fancy-text-strings solid-color\">\n\t\t\t\t<noscript>\n\t\t\t\t\tDebes saber...\t\t\t\t<\/noscript>\n\t\t\t<\/span>\n\t\t\n\t\t\t<\/div><!-- close .eael-fancy-text-container -->\n\n\t<div class=\"clearfix\"><\/div>\n\n\t\t\t\t\t<\/div>\n\t\t\t\t<\/div>\n\t\t\t\t<div class=\"elementor-element elementor-element-5f1ebad elementor-widget elementor-widget-text-editor\" data-id=\"5f1ebad\" data-element_type=\"widget\" data-e-type=\"widget\" data-widget_type=\"text-editor.default\">\n\t\t\t\t<div class=\"elementor-widget-container\">\n\t\t\t\t\t\t\t\t\t<ul><li>Las cooperativas y\/o los comit\u00e9s de agua potable rural pueden autorizar una conexi\u00f3n nueva, sobre la base de un estudio t\u00e9cnico espec\u00edfico y de la obtenci\u00f3n de un certificado de factibilidad que otorgue, niegue u apruebe condicionalmente la solicitud, para no comprometer el normal abastecimiento de agua potable de la poblaci\u00f3n atendida.<\/li><li>El Servicio Sanitario Rural puede o no realizar la conexi\u00f3n domiciliaria si el requirente cumple con lo normado para tal efecto.<\/li><li>En el caso de solicitar una factibilidad pueden darse dos escenarios:<ol><li>Que se apruebe la solicitud de factibilidad, para lo cual se emitir\u00e1 un <strong>\u201cCertificado de Factibilidad\u201d<\/strong>;<\/li><li>Se rechace la solicitud por razones que no podr\u00e1n ser otras que t\u00e9cnicas, en este caso, se enviar\u00e1 una <strong>\u201cCarta de Rechazo\u201d.\u00a0<\/strong><\/li><\/ol><\/li><\/ul>\t\t\t\t\t\t\t\t<\/div>\n\t\t\t\t<\/div>\n\t\t\t\t<div class=\"elementor-element elementor-element-855697c elementor-widget elementor-widget-eael-fancy-text\" data-id=\"855697c\" data-element_type=\"widget\" data-e-type=\"widget\" data-widget_type=\"eael-fancy-text.default\">\n\t\t\t\t<div class=\"elementor-widget-container\">\n\t\t\t\t\t\n\t<div  class=\"eael-fancy-text-container style-1\" data-fancy-text-id=\"855697c\" data-fancy-text=\"|Documentos requeridos...\" data-fancy-text-transition-type=\"typing\" data-fancy-text-speed=\"50\" data-fancy-text-delay=\"2500\" data-fancy-text-cursor=\"yes\" data-fancy-text-loop=\"yes\" data-fancy-text-action=\"page_load\" >\n\t\t\n\t\t\n\t\t\t\t\t<span id=\"eael-fancy-text-855697c\" class=\"eael-fancy-text-strings solid-color\">\n\t\t\t\t<noscript>\n\t\t\t\t\tDocumentos requeridos...\t\t\t\t<\/noscript>\n\t\t\t<\/span>\n\t\t\n\t\t\t<\/div><!-- close .eael-fancy-text-container -->\n\n\t<div class=\"clearfix\"><\/div>\n\n\t\t\t\t\t<\/div>\n\t\t\t\t<\/div>\n\t\t\t\t<div class=\"elementor-element elementor-element-5335bdb elementor-widget elementor-widget-text-editor\" data-id=\"5335bdb\" data-element_type=\"widget\" data-e-type=\"widget\" data-widget_type=\"text-editor.default\">\n\t\t\t\t<div class=\"elementor-widget-container\">\n\t\t\t\t\t\t\t\t\t<ul><li>Copia original o legalizada de Escritura Propiedad inscrita en el Conservador de Bienes Ra\u00edces.<\/li><li>Fotocopia por ambos lados de C\u00e9dula de Identidad del solicitante.<\/li><li>Certificado Aval\u00fao Fiscal Simple para certificar rol propiedad.<\/li><\/ul>\t\t\t\t\t\t\t\t<\/div>\n\t\t\t\t<\/div>\n\t\t\t\t\t<\/div>\n\t\t<\/div>\n\t\t\t\t\t<\/div>\n\t\t<\/section>\n\t\t\t\t<section class=\"elementor-section elementor-top-section elementor-element elementor-element-fefd038 elementor-section-content-top elementor-section-boxed elementor-section-height-default elementor-section-height-default\" data-id=\"fefd038\" data-element_type=\"section\" data-e-type=\"section\" data-settings=\"{&quot;background_background&quot;:&quot;classic&quot;}\">\n\t\t\t\t\t\t\t<div class=\"elementor-background-overlay\"><\/div>\n\t\t\t\t\t\t\t<div class=\"elementor-container elementor-column-gap-no\">\n\t\t\t\t\t<div class=\"elementor-column elementor-col-50 elementor-top-column elementor-element elementor-element-a0ab873\" data-id=\"a0ab873\" data-element_type=\"column\" data-e-type=\"column\" data-settings=\"{&quot;background_background&quot;:&quot;classic&quot;}\">\n\t\t\t<div class=\"elementor-widget-wrap elementor-element-populated\">\n\t\t\t\t\t\t<div class=\"elementor-element elementor-element-0bdae0a elementor-view-default elementor-invisible elementor-widget elementor-widget-icon\" data-id=\"0bdae0a\" data-element_type=\"widget\" data-e-type=\"widget\" data-settings=\"{&quot;_animation&quot;:&quot;fadeInUp&quot;}\" data-widget_type=\"icon.default\">\n\t\t\t\t<div class=\"elementor-widget-container\">\n\t\t\t\t\t\t\t<div class=\"elementor-icon-wrapper\">\n\t\t\t<div class=\"elementor-icon\">\n\t\t\t<svg aria-hidden=\"true\" class=\"e-font-icon-svg e-fas-percent\" viewBox=\"0 0 448 512\" xmlns=\"http:\/\/www.w3.org\/2000\/svg\"><path d=\"M112 224c61.9 0 112-50.1 112-112S173.9 0 112 0 0 50.1 0 112s50.1 112 112 112zm0-160c26.5 0 48 21.5 48 48s-21.5 48-48 48-48-21.5-48-48 21.5-48 48-48zm224 224c-61.9 0-112 50.1-112 112s50.1 112 112 112 112-50.1 112-112-50.1-112-112-112zm0 160c-26.5 0-48-21.5-48-48s21.5-48 48-48 48 21.5 48 48-21.5 48-48 48zM392.3.2l31.6-.1c19.4-.1 30.9 21.8 19.7 37.8L77.4 501.6a23.95 23.95 0 0 1-19.6 10.2l-33.4.1c-19.5 0-30.9-21.9-19.7-37.8l368-463.7C377.2 4 384.5.2 392.3.2z\"><\/path><\/svg>\t\t\t<\/div>\n\t\t<\/div>\n\t\t\t\t\t\t<\/div>\n\t\t\t\t<\/div>\n\t\t\t\t<div class=\"elementor-element elementor-element-bb8e882 elementor-align-left elementor-invisible elementor-widget elementor-widget-button\" data-id=\"bb8e882\" data-element_type=\"widget\" data-e-type=\"widget\" data-settings=\"{&quot;_animation&quot;:&quot;fadeInUp&quot;,&quot;_animation_delay&quot;:800}\" data-widget_type=\"button.default\">\n\t\t\t\t<div class=\"elementor-widget-container\">\n\t\t\t\t\t\t\t\t\t<div class=\"elementor-button-wrapper\">\n\t\t\t\t\t<a class=\"elementor-button elementor-size-md elementor-animation-float\" role=\"button\">\n\t\t\t\t\t\t<span class=\"elementor-button-content-wrapper\">\n\t\t\t\t\t\t<span class=\"elementor-button-icon\">\n\t\t\t\t<svg aria-hidden=\"true\" class=\"e-font-icon-svg e-fas-long-arrow-alt-right\" viewBox=\"0 0 448 512\" xmlns=\"http:\/\/www.w3.org\/2000\/svg\"><path d=\"M313.941 216H12c-6.627 0-12 5.373-12 12v56c0 6.627 5.373 12 12 12h301.941v46.059c0 21.382 25.851 32.09 40.971 16.971l86.059-86.059c9.373-9.373 9.373-24.569 0-33.941l-86.059-86.059c-15.119-15.119-40.971-4.411-40.971 16.971V216z\"><\/path><\/svg>\t\t\t<\/span>\n\t\t\t\t\t\t\t\t\t<span class=\"elementor-button-text\">REFERIDO AL PAGO DE IVA<\/span>\n\t\t\t\t\t<\/span>\n\t\t\t\t\t<\/a>\n\t\t\t\t<\/div>\n\t\t\t\t\t\t\t\t<\/div>\n\t\t\t\t<\/div>\n\t\t\t\t\t<\/div>\n\t\t<\/div>\n\t\t\t\t<div class=\"elementor-column elementor-col-50 elementor-top-column elementor-element elementor-element-39f5331\" data-id=\"39f5331\" data-element_type=\"column\" data-e-type=\"column\" data-settings=\"{&quot;background_background&quot;:&quot;classic&quot;}\">\n\t\t\t<div class=\"elementor-widget-wrap elementor-element-populated\">\n\t\t\t\t\t\t<div class=\"elementor-element elementor-element-5b9165b elementor-widget elementor-widget-text-editor\" data-id=\"5b9165b\" data-element_type=\"widget\" data-e-type=\"widget\" data-widget_type=\"text-editor.default\">\n\t\t\t\t<div class=\"elementor-widget-container\">\n\t\t\t\t\t\t\t\t\t<p><span style=\"color: #0000ff;\"><strong>ES SOCIO DEL APR<\/strong>\u00a0<\/span><br \/><span style=\"color: #0000ff;\"><strong>Toda persona natural que, habitando una vivienda con factibilidad t\u00e9cnica de conectarse al sistema, solicite el suministro de agua potable y cumpla con las formalidades de INSCRIBIRSE EN EL REGISTRO DE SOCIOS Y PAGAR LA CUOTA DE INCORPORACI\u00d3N RESPECTIVA, <span style=\"text-decoration: underline;\">ESTAR\u00c1 EXENTO DEL PAGO DE IVA.<\/span><\/strong><\/span><\/p><p><strong>ES USUARIO DEL APR<\/strong><br \/>Toda persona natural que, habitando una vivienda con factibilidad t\u00e9cnica de conectarse al sistema, solicite el suministro de agua potable, <strong>NO PAGUE LA CUOTA DE INCORPORACI\u00d3N RESPECTIVA Y, POR LO TANTO, NO SE INSCRIBA EN EL REGISTRO DE SOCIOS, <span style=\"text-decoration: underline;\">LOS SERVICIOS QUE RECIBA ESTAR\u00c1N AFECTOS\u00a0 A IVA.<\/span><\/strong><\/p>\t\t\t\t\t\t\t\t<\/div>\n\t\t\t\t<\/div>\n\t\t\t\t\t<\/div>\n\t\t<\/div>\n\t\t\t\t\t<\/div>\n\t\t<\/section>\n\t\t\t\t<section class=\"elementor-section elementor-top-section elementor-element elementor-element-894b99e elementor-section-content-top elementor-section-boxed elementor-section-height-default elementor-section-height-default\" data-id=\"894b99e\" data-element_type=\"section\" data-e-type=\"section\" data-settings=\"{&quot;background_background&quot;:&quot;classic&quot;}\">\n\t\t\t\t\t\t\t<div class=\"elementor-background-overlay\"><\/div>\n\t\t\t\t\t\t\t<div class=\"elementor-container elementor-column-gap-extended\">\n\t\t\t\t\t<div class=\"elementor-column elementor-col-50 elementor-top-column elementor-element elementor-element-86d26b0\" data-id=\"86d26b0\" data-element_type=\"column\" data-e-type=\"column\">\n\t\t\t<div class=\"elementor-widget-wrap elementor-element-populated\">\n\t\t\t\t\t\t<div class=\"elementor-element elementor-element-f0afaba elementor-widget elementor-widget-eael-fancy-text\" data-id=\"f0afaba\" data-element_type=\"widget\" data-e-type=\"widget\" data-widget_type=\"eael-fancy-text.default\">\n\t\t\t\t<div class=\"elementor-widget-container\">\n\t\t\t\t\t\n\t<div  class=\"eael-fancy-text-container style-1\" data-fancy-text-id=\"f0afaba\" data-fancy-text=\"|Si su factibilidad resulta aprobada se le solicitar\u00e1 adicionalmente:|Si su factibilidad resulta aprobada se le solicitar\u00e1 adicionalmente:\" data-fancy-text-transition-type=\"typing\" data-fancy-text-speed=\"50\" data-fancy-text-delay=\"1500\" data-fancy-text-cursor=\"yes\" data-fancy-text-loop=\"\" data-fancy-text-action=\"page_load\" >\n\t\t\n\t\t\n\t\t\t\t\t<span id=\"eael-fancy-text-f0afaba\" class=\"eael-fancy-text-strings solid-color\">\n\t\t\t\t<noscript>\n\t\t\t\t\tSi su factibilidad resulta aprobada se le solicitar\u00e1 adicionalmente:, Si su factibilidad resulta aprobada se le solicitar\u00e1 adicionalmente:\t\t\t\t<\/noscript>\n\t\t\t<\/span>\n\t\t\n\t\t\t<\/div><!-- close .eael-fancy-text-container -->\n\n\t<div class=\"clearfix\"><\/div>\n\n\t\t\t\t\t<\/div>\n\t\t\t\t<\/div>\n\t\t\t\t<div class=\"elementor-element elementor-element-1e170cd elementor-widget elementor-widget-text-editor\" data-id=\"1e170cd\" data-element_type=\"widget\" data-e-type=\"widget\" data-widget_type=\"text-editor.default\">\n\t\t\t\t<div class=\"elementor-widget-container\">\n\t\t\t\t\t\t\t\t\t<ul><li><strong>Tener casa habitable construida<\/strong> (el servicio suministrado est\u00e1 destinado a consumo humano residencial)<\/li><\/ul><ul><li><strong>Certificado de dominio vigente<\/strong> <strong>actualizado<\/strong> de la propiedad al momento de iniciar el proceso de incorporaci\u00f3n al Comit\u00e9 y, si la misma est\u00e1 a nombre de un tercero, adicionalmente, requerir\u00e1 de Autorizaci\u00f3n Notarial del propietario para realizar instalaci\u00f3n.<\/li><\/ul><ul><li><strong>Los medidores de agua potable instalados por el Comit\u00e9<\/strong> no podr\u00e1n estar a m\u00e1s de un metro al interior de la l\u00ednea de cierre de la propiedad; si la distancia es mayor a 20 metros de la red, la diferencia de metros necesarios ser\u00e1 de costo adicional del solicitante.<\/li><li><strong>En los casos que se deba intervenir ruta de vialidad (pavimento):<\/strong><br \/>El interesado deber\u00e1 asumir el costo de la reposici\u00f3n de calzada(s) y\/o acera(s) en caso que la instalaci\u00f3n requiera la rotura de dichas superficies incluidos los permisos, y en caso de ser necesario, deber\u00e1 asumir tambi\u00e9n la extensi\u00f3n de la matriz para poder dotar con agua el o los arranques solicitados, y cumplir con lo dispuesto en la actual normativa vigente.<\/li><li><strong>Si la vivienda se encuentra lejana al medidor<\/strong> o se presentan dificultades geogr\u00e1ficas, ser\u00e1 el interesado quien deber\u00e1 efectuar a su costo todas las instalaciones necesarias y suficientes, conforme a la normativa vigente. Adem\u00e1s, el interesado debe considerar todos los permisos necesarios bajo su costo ante todas las instituciones que podr\u00edan solicitarlo (Vialidad, SERVIU, BBNN, etc). Se exime de responsabilidad al Servicio Sanitario Rural en caso de que alguna de las instituciones anteriores negara alg\u00fan permiso. Debe ser bajo su cargo, adem\u00e1s, todas las regularizaciones de terrenos necesarias y sus gestiones para tal efecto.<\/li><\/ul>\t\t\t\t\t\t\t\t<\/div>\n\t\t\t\t<\/div>\n\t\t\t\t<div class=\"elementor-element elementor-element-ae3afc8 elementor-widget elementor-widget-spacer\" data-id=\"ae3afc8\" data-element_type=\"widget\" data-e-type=\"widget\" data-widget_type=\"spacer.default\">\n\t\t\t\t<div class=\"elementor-widget-container\">\n\t\t\t\t\t\t\t<div class=\"elementor-spacer\">\n\t\t\t<div class=\"elementor-spacer-inner\"><\/div>\n\t\t<\/div>\n\t\t\t\t\t\t<\/div>\n\t\t\t\t<\/div>\n\t\t\t\t\t<\/div>\n\t\t<\/div>\n\t\t\t\t<div class=\"elementor-column elementor-col-50 elementor-top-column elementor-element elementor-element-34a1b70\" data-id=\"34a1b70\" data-element_type=\"column\" data-e-type=\"column\">\n\t\t\t<div class=\"elementor-widget-wrap elementor-element-populated\">\n\t\t\t\t\t\t<div class=\"elementor-element elementor-element-7fcd71c elementor-widget elementor-widget-image\" data-id=\"7fcd71c\" data-element_type=\"widget\" data-e-type=\"widget\" data-widget_type=\"image.default\">\n\t\t\t\t<div class=\"elementor-widget-container\">\n\t\t\t\t\t\t\t\t\t\t\t\t\t\t\t<img decoding=\"async\" width=\"667\" height=\"1353\" src=\"https:\/\/aguacolliguay.cl\/_web\/wp-content\/uploads\/2024\/09\/CUIDA2.jpg\" class=\"attachment-1536x1536 size-1536x1536 wp-image-2044\" alt=\"\" srcset=\"https:\/\/aguacolliguay.cl\/_web\/wp-content\/uploads\/2024\/09\/CUIDA2.jpg 667w, https:\/\/aguacolliguay.cl\/_web\/wp-content\/uploads\/2024\/09\/CUIDA2-148x300.jpg 148w, https:\/\/aguacolliguay.cl\/_web\/wp-content\/uploads\/2024\/09\/CUIDA2-505x1024.jpg 505w\" sizes=\"(max-width: 667px) 100vw, 667px\" \/>\t\t\t\t\t\t\t\t\t\t\t\t\t\t\t<\/div>\n\t\t\t\t<\/div>\n\t\t\t\t\t<\/div>\n\t\t<\/div>\n\t\t\t\t\t<\/div>\n\t\t<\/section>\n\t\t\t\t<\/div>\n\t\t","protected":false},"excerpt":{"rendered":"<p>Nuevo arranque condiciones Factibilidad de Servicio Permite a personas que viven en sectores rurales solicitar la evaluaci\u00f3n de factibilidad t\u00e9cnica de nuevas conexiones de agua potable y el certificado correspondiente. Formulario Online Descargar Formulario * De faltar antecedentes no se da curso, a ingreso de solicitud de factibilidad. Debes saber&#8230; Las cooperativas y\/o los comit\u00e9s [&hellip;]<\/p>\n","protected":false},"author":1,"featured_media":0,"parent":0,"menu_order":0,"comment_status":"closed","ping_status":"closed","template":"","meta":{"footnotes":""},"class_list":["post-1683","page","type-page","status-publish","hentry"],"_links":{"self":[{"href":"https:\/\/aguacolliguay.cl\/_web\/wp-json\/wp\/v2\/pages\/1683","targetHints":{"allow":["GET"]}}],"collection":[{"href":"https:\/\/aguacolliguay.cl\/_web\/wp-json\/wp\/v2\/pages"}],"about":[{"href":"https:\/\/aguacolliguay.cl\/_web\/wp-json\/wp\/v2\/types\/page"}],"author":[{"embeddable":true,"href":"https:\/\/aguacolliguay.cl\/_web\/wp-json\/wp\/v2\/users\/1"}],"replies":[{"embeddable":true,"href":"https:\/\/aguacolliguay.cl\/_web\/wp-json\/wp\/v2\/comments?post=1683"}],"version-history":[{"count":292,"href":"https:\/\/aguacolliguay.cl\/_web\/wp-json\/wp\/v2\/pages\/1683\/revisions"}],"predecessor-version":[{"id":4028,"href":"https:\/\/aguacolliguay.cl\/_web\/wp-json\/wp\/v2\/pages\/1683\/revisions\/4028"}],"wp:attachment":[{"href":"https:\/\/aguacolliguay.cl\/_web\/wp-json\/wp\/v2\/media?parent=1683"}],"curies":[{"name":"wp","href":"https:\/\/api.w.org\/{rel}","templated":true}]}}