{"id":1589,"date":"2024-08-29T17:27:56","date_gmt":"2024-08-29T17:27:56","guid":{"rendered":"https:\/\/aguacolliguay.cl\/_web\/?page_id=1589"},"modified":"2025-02-04T19:51:58","modified_gmt":"2025-02-04T19:51:58","slug":"lectura","status":"publish","type":"page","link":"https:\/\/aguacolliguay.cl\/_web\/lectura\/","title":{"rendered":"Lectura"},"content":{"rendered":"\t\t<div data-elementor-type=\"wp-page\" data-elementor-id=\"1589\" class=\"elementor elementor-1589\" data-elementor-post-type=\"page\">\n\t\t\t\t\t\t<section class=\"elementor-section elementor-top-section elementor-element elementor-element-7a82ae60 elementor-section-content-top elementor-section-boxed elementor-section-height-default elementor-section-height-default\" data-id=\"7a82ae60\" data-element_type=\"section\" data-e-type=\"section\" data-settings=\"{&quot;background_background&quot;:&quot;classic&quot;}\">\n\t\t\t\t\t\t\t<div class=\"elementor-background-overlay\"><\/div>\n\t\t\t\t\t\t\t<div class=\"elementor-container elementor-column-gap-no\">\n\t\t\t\t\t<div class=\"elementor-column elementor-col-100 elementor-top-column elementor-element elementor-element-4efee2e1\" data-id=\"4efee2e1\" data-element_type=\"column\" data-e-type=\"column\">\n\t\t\t<div class=\"elementor-widget-wrap elementor-element-populated\">\n\t\t\t\t\t\t<div class=\"elementor-element elementor-element-60ff5930 elementor-view-default elementor-invisible elementor-widget elementor-widget-icon\" data-id=\"60ff5930\" data-element_type=\"widget\" data-e-type=\"widget\" data-settings=\"{&quot;_animation&quot;:&quot;fadeInUp&quot;}\" data-widget_type=\"icon.default\">\n\t\t\t\t<div class=\"elementor-widget-container\">\n\t\t\t\t\t\t\t<div class=\"elementor-icon-wrapper\">\n\t\t\t<div class=\"elementor-icon\">\n\t\t\t<svg aria-hidden=\"true\" class=\"e-font-icon-svg e-fas-tachometer-alt\" viewBox=\"0 0 576 512\" xmlns=\"http:\/\/www.w3.org\/2000\/svg\"><path d=\"M288 32C128.94 32 0 160.94 0 320c0 52.8 14.25 102.26 39.06 144.8 5.61 9.62 16.3 15.2 27.44 15.2h443c11.14 0 21.83-5.58 27.44-15.2C561.75 422.26 576 372.8 576 320c0-159.06-128.94-288-288-288zm0 64c14.71 0 26.58 10.13 30.32 23.65-1.11 2.26-2.64 4.23-3.45 6.67l-9.22 27.67c-5.13 3.49-10.97 6.01-17.64 6.01-17.67 0-32-14.33-32-32S270.33 96 288 96zM96 384c-17.67 0-32-14.33-32-32s14.33-32 32-32 32 14.33 32 32-14.33 32-32 32zm48-160c-17.67 0-32-14.33-32-32s14.33-32 32-32 32 14.33 32 32-14.33 32-32 32zm246.77-72.41l-61.33 184C343.13 347.33 352 364.54 352 384c0 11.72-3.38 22.55-8.88 32H232.88c-5.5-9.45-8.88-20.28-8.88-32 0-33.94 26.5-61.43 59.9-63.59l61.34-184.01c4.17-12.56 17.73-19.45 30.36-15.17 12.57 4.19 19.35 17.79 15.17 30.36zm14.66 57.2l15.52-46.55c3.47-1.29 7.13-2.23 11.05-2.23 17.67 0 32 14.33 32 32s-14.33 32-32 32c-11.38-.01-20.89-6.28-26.57-15.22zM480 384c-17.67 0-32-14.33-32-32s14.33-32 32-32 32 14.33 32 32-14.33 32-32 32z\"><\/path><\/svg>\t\t\t<\/div>\n\t\t<\/div>\n\t\t\t\t\t\t<\/div>\n\t\t\t\t<\/div>\n\t\t\t\t<div class=\"elementor-element elementor-element-7c2bfe23 elementor-invisible elementor-widget elementor-widget-heading\" data-id=\"7c2bfe23\" data-element_type=\"widget\" data-e-type=\"widget\" data-settings=\"{&quot;_animation&quot;:&quot;fadeIn&quot;}\" data-widget_type=\"heading.default\">\n\t\t\t\t<div class=\"elementor-widget-container\">\n\t\t\t\t\t<h2 class=\"elementor-heading-title elementor-size-xxl\">Lecturas <\/h2>\t\t\t\t<\/div>\n\t\t\t\t<\/div>\n\t\t\t\t<div class=\"elementor-element elementor-element-2d7cc325 elementor-align-left elementor-invisible elementor-widget elementor-widget-button\" data-id=\"2d7cc325\" data-element_type=\"widget\" data-e-type=\"widget\" data-settings=\"{&quot;_animation&quot;:&quot;fadeInUp&quot;,&quot;_animation_delay&quot;:800}\" data-widget_type=\"button.default\">\n\t\t\t\t<div class=\"elementor-widget-container\">\n\t\t\t\t\t\t\t\t\t<div class=\"elementor-button-wrapper\">\n\t\t\t\t\t<a class=\"elementor-button elementor-size-md elementor-animation-float\" role=\"button\">\n\t\t\t\t\t\t<span class=\"elementor-button-content-wrapper\">\n\t\t\t\t\t\t<span class=\"elementor-button-icon\">\n\t\t\t\t<svg aria-hidden=\"true\" class=\"e-font-icon-svg e-fas-long-arrow-alt-right\" viewBox=\"0 0 448 512\" xmlns=\"http:\/\/www.w3.org\/2000\/svg\"><path d=\"M313.941 216H12c-6.627 0-12 5.373-12 12v56c0 6.627 5.373 12 12 12h301.941v46.059c0 21.382 25.851 32.09 40.971 16.971l86.059-86.059c9.373-9.373 9.373-24.569 0-33.941l-86.059-86.059c-15.119-15.119-40.971-4.411-40.971 16.971V216z\"><\/path><\/svg>\t\t\t<\/span>\n\t\t\t\t\t\t\t\t\t<span class=\"elementor-button-text\">INF\u00d3RMELAS<\/span>\n\t\t\t\t\t<\/span>\n\t\t\t\t\t<\/a>\n\t\t\t\t<\/div>\n\t\t\t\t\t\t\t\t<\/div>\n\t\t\t\t<\/div>\n\t\t\t\t\t<\/div>\n\t\t<\/div>\n\t\t\t\t<div class=\"elementor-column elementor-col-100 elementor-top-column elementor-element elementor-element-50e6894d\" data-id=\"50e6894d\" data-element_type=\"column\" data-e-type=\"column\">\n\t\t\t<div class=\"elementor-widget-wrap elementor-element-populated\">\n\t\t\t\t\t\t<div class=\"elementor-element elementor-element-46dc18a elementor-widget elementor-widget-heading\" data-id=\"46dc18a\" data-element_type=\"widget\" data-e-type=\"widget\" data-widget_type=\"heading.default\">\n\t\t\t\t<div class=\"elementor-widget-container\">\n\t\t\t\t\t<h2 class=\"elementor-heading-title elementor-size-default\">Propiedades sin acceso...<\/h2>\t\t\t\t<\/div>\n\t\t\t\t<\/div>\n\t\t\t\t<div class=\"elementor-element elementor-element-aaf0e45 elementor-widget elementor-widget-text-editor\" data-id=\"aaf0e45\" data-element_type=\"widget\" data-e-type=\"widget\" data-widget_type=\"text-editor.default\">\n\t\t\t\t<div class=\"elementor-widget-container\">\n\t\t\t\t\t\t\t\t\t<p>Tiene la opci\u00f3n de enviarnos la lectura de su medidor. Para que esta lectura sea incluida en la pr\u00f3xima facturaci\u00f3n, es importante que considere la fecha estimada de la pr\u00f3xima lectura, la cual se indica en su boleta. El ciclo de lectura var\u00eda entre 28 y 31 d\u00edas a partir de la \u00faltima lectura registrada. Si su lectura se encuentra fuera de este ciclo, ser\u00e1 considerada solo como informativa. Sin embargo, si est\u00e1 dentro del per\u00edodo, se tomar\u00e1 en cuenta el registro m\u00e1s cercano a los 30 d\u00edas, junto con otras lecturas, como las realizadas por el Comit\u00e9. Para ello, siga los pasos que le indicamos a continuaci\u00f3n.<\/p>\t\t\t\t\t\t\t\t<\/div>\n\t\t\t\t<\/div>\n\t\t\t\t<div class=\"elementor-element elementor-element-9fe1853 elementor-widget elementor-widget-image\" data-id=\"9fe1853\" data-element_type=\"widget\" data-e-type=\"widget\" data-widget_type=\"image.default\">\n\t\t\t\t<div class=\"elementor-widget-container\">\n\t\t\t\t\t\t\t\t\t\t\t\t\t\t\t<img fetchpriority=\"high\" decoding=\"async\" width=\"768\" height=\"593\" src=\"https:\/\/aguacolliguay.cl\/_web\/wp-content\/uploads\/2024\/08\/MEDIDOR_WEB2-768x593.jpg\" class=\"attachment-medium_large size-medium_large wp-image-1611\" alt=\"\" srcset=\"https:\/\/aguacolliguay.cl\/_web\/wp-content\/uploads\/2024\/08\/MEDIDOR_WEB2-768x593.jpg 768w, https:\/\/aguacolliguay.cl\/_web\/wp-content\/uploads\/2024\/08\/MEDIDOR_WEB2-300x232.jpg 300w, https:\/\/aguacolliguay.cl\/_web\/wp-content\/uploads\/2024\/08\/MEDIDOR_WEB2-1024x791.jpg 1024w, https:\/\/aguacolliguay.cl\/_web\/wp-content\/uploads\/2024\/08\/MEDIDOR_WEB2-1536x1186.jpg 1536w, https:\/\/aguacolliguay.cl\/_web\/wp-content\/uploads\/2024\/08\/MEDIDOR_WEB2.jpg 1630w\" sizes=\"(max-width: 768px) 100vw, 768px\" \/>\t\t\t\t\t\t\t\t\t\t\t\t\t\t\t<\/div>\n\t\t\t\t<\/div>\n\t\t\t\t\t<\/div>\n\t\t<\/div>\n\t\t\t\t<div class=\"elementor-column elementor-col-100 elementor-top-column elementor-element elementor-element-1db1656a\" data-id=\"1db1656a\" data-element_type=\"column\" data-e-type=\"column\">\n\t\t\t<div class=\"elementor-widget-wrap elementor-element-populated\">\n\t\t\t\t\t\t<div class=\"elementor-element elementor-element-48e5bb9 elementor-widget elementor-widget-eael-fancy-text\" data-id=\"48e5bb9\" data-element_type=\"widget\" data-e-type=\"widget\" data-widget_type=\"eael-fancy-text.default\">\n\t\t\t\t<div class=\"elementor-widget-container\">\n\t\t\t\t\t\n\t<div  class=\"eael-fancy-text-container style-1\" data-fancy-text-id=\"48e5bb9\" data-fancy-text=\"|WhatsApp: +56 9 7774 0621|E-mail: aguacolliguay@hotmail.com\" data-fancy-text-transition-type=\"typing\" data-fancy-text-speed=\"50\" data-fancy-text-delay=\"2500\" data-fancy-text-cursor=\"yes\" data-fancy-text-loop=\"yes\" data-fancy-text-action=\"page_load\" >\n\t\t\n\t\t\n\t\t\t\t\t<span id=\"eael-fancy-text-48e5bb9\" class=\"eael-fancy-text-strings solid-color\">\n\t\t\t\t<noscript>\n\t\t\t\t\tWhatsApp: +56 9 7774 0621, E-mail: aguacolliguay@hotmail.com\t\t\t\t<\/noscript>\n\t\t\t<\/span>\n\t\t\n\t\t\t<\/div><!-- close .eael-fancy-text-container -->\n\n\t<div class=\"clearfix\"><\/div>\n\n\t\t\t\t\t<\/div>\n\t\t\t\t<\/div>\n\t\t\t\t<div class=\"elementor-element elementor-element-23d6cf6 elementor-widget elementor-widget-text-editor\" data-id=\"23d6cf6\" data-element_type=\"widget\" data-e-type=\"widget\" data-widget_type=\"text-editor.default\">\n\t\t\t\t<div class=\"elementor-widget-container\">\n\t\t\t\t\t\t\t\t\t<p style=\"text-align: justify;\">Env\u00edenos las im\u00e1genes de la lectura de su medidor, de su medidor mismo y de la identificaci\u00f3n de su propiedad. Esto nos permitir\u00e1 corroborar la informaci\u00f3n con mayor facilidad e incorporar su lectura al proceso de facturaci\u00f3n.<\/p><p style=\"text-align: justify;\">Puede enviar las fotograf\u00edas a trav\u00e9s de WhatsApp o por correo electr\u00f3nico, asegur\u00e1ndose de incluir la lectura que muestra el medidor.<\/p>\t\t\t\t\t\t\t\t<\/div>\n\t\t\t\t<\/div>\n\t\t\t\t<div class=\"elementor-element elementor-element-a00922a elementor-widget elementor-widget-image\" data-id=\"a00922a\" data-element_type=\"widget\" data-e-type=\"widget\" data-widget_type=\"image.default\">\n\t\t\t\t<div class=\"elementor-widget-container\">\n\t\t\t\t\t\t\t\t\t\t\t\t\t\t\t<img decoding=\"async\" width=\"310\" height=\"219\" src=\"https:\/\/aguacolliguay.cl\/_web\/wp-content\/uploads\/2024\/08\/datos-medidor.jpg\" class=\"attachment-large size-large wp-image-1600\" alt=\"\" srcset=\"https:\/\/aguacolliguay.cl\/_web\/wp-content\/uploads\/2024\/08\/datos-medidor.jpg 310w, https:\/\/aguacolliguay.cl\/_web\/wp-content\/uploads\/2024\/08\/datos-medidor-300x212.jpg 300w\" sizes=\"(max-width: 310px) 100vw, 310px\" \/>\t\t\t\t\t\t\t\t\t\t\t\t\t\t\t<\/div>\n\t\t\t\t<\/div>\n\t\t\t\t<div class=\"elementor-element elementor-element-3fb40a1 elementor-widget elementor-widget-html\" data-id=\"3fb40a1\" data-element_type=\"widget\" data-e-type=\"widget\" data-widget_type=\"html.default\">\n\t\t\t\t<div class=\"elementor-widget-container\">\n\t\t\t\t\t<style>\r\n    .numbered-list {\r\n        list-style-type: none;\r\n        padding: 0;\r\n    }\r\n\r\n    .numbered-list li {\r\n        display: flex;\r\n        align-items: center;\r\n        margin-bottom: 18px;\r\n    }\r\n\r\n    .numbered-list li::before {\r\n        content: counter(li);\r\n        counter-increment: li;\r\n        width: 25px;\r\n        height: 25px;\r\n        border-radius: 50%;\r\n        background-color: red;\r\n        color: white;\r\n        text-align: center;\r\n        margin-right: 10px;\r\n        display: flex;\r\n        justify-content: center;\r\n        align-items: center;\r\n        font-weight: bold;\r\n    }\r\n\r\n    .numbered-list {\r\n        counter-reset: li;\r\n    }\r\n<\/style>\r\n\r\n<ul class=\"numbered-list\">\r\n    <li>Informa s\u00f3lo numeros negros<\/li>\r\n    <li>Los n\u00fameros rojos son litros que a\u00fan no suman 1 M3<\/li>\r\n    <li>Si el detector de fuga gira estando las llaves <br>cerradas significa que hay una fuga en su red interior.<\/li>\r\n   \r\n<\/ul>\r\n\t\t\t\t<\/div>\n\t\t\t\t<\/div>\n\t\t\t\t\t<\/div>\n\t\t<\/div>\n\t\t\t\t\t<\/div>\n\t\t<\/section>\n\t\t\t\t<\/div>\n\t\t","protected":false},"excerpt":{"rendered":"<p>Lecturas INF\u00d3RMELAS Propiedades sin acceso&#8230; Tiene la opci\u00f3n de enviarnos la lectura de su medidor. Para que esta lectura sea incluida en la pr\u00f3xima facturaci\u00f3n, es importante que considere la fecha estimada de la pr\u00f3xima lectura, la cual se indica en su boleta. El ciclo de lectura var\u00eda entre 28 y 31 d\u00edas a partir [&hellip;]<\/p>\n","protected":false},"author":1,"featured_media":0,"parent":0,"menu_order":0,"comment_status":"closed","ping_status":"closed","template":"","meta":{"footnotes":""},"class_list":["post-1589","page","type-page","status-publish","hentry"],"_links":{"self":[{"href":"https:\/\/aguacolliguay.cl\/_web\/wp-json\/wp\/v2\/pages\/1589","targetHints":{"allow":["GET"]}}],"collection":[{"href":"https:\/\/aguacolliguay.cl\/_web\/wp-json\/wp\/v2\/pages"}],"about":[{"href":"https:\/\/aguacolliguay.cl\/_web\/wp-json\/wp\/v2\/types\/page"}],"author":[{"embeddable":true,"href":"https:\/\/aguacolliguay.cl\/_web\/wp-json\/wp\/v2\/users\/1"}],"replies":[{"embeddable":true,"href":"https:\/\/aguacolliguay.cl\/_web\/wp-json\/wp\/v2\/comments?post=1589"}],"version-history":[{"count":46,"href":"https:\/\/aguacolliguay.cl\/_web\/wp-json\/wp\/v2\/pages\/1589\/revisions"}],"predecessor-version":[{"id":4031,"href":"https:\/\/aguacolliguay.cl\/_web\/wp-json\/wp\/v2\/pages\/1589\/revisions\/4031"}],"wp:attachment":[{"href":"https:\/\/aguacolliguay.cl\/_web\/wp-json\/wp\/v2\/media?parent=1589"}],"curies":[{"name":"wp","href":"https:\/\/api.w.org\/{rel}","templated":true}]}}