{"id":1116,"date":"2024-05-25T17:22:06","date_gmt":"2024-05-25T17:22:06","guid":{"rendered":"https:\/\/aguacolliguay.cl\/_web\/?page_id=1116"},"modified":"2025-02-04T19:48:26","modified_gmt":"2025-02-04T19:48:26","slug":"el-comite","status":"publish","type":"page","link":"https:\/\/aguacolliguay.cl\/_web\/el-comite\/","title":{"rendered":"El Comit\u00e9"},"content":{"rendered":"\t\t<div data-elementor-type=\"wp-page\" data-elementor-id=\"1116\" class=\"elementor elementor-1116\" data-elementor-post-type=\"page\">\n\t\t\t\t\t\t<section class=\"elementor-section elementor-top-section elementor-element elementor-element-79d17ca9 envato-kit-141-top-0 elementor-section-boxed elementor-section-height-default elementor-section-height-default\" data-id=\"79d17ca9\" data-element_type=\"section\" data-e-type=\"section\" data-settings=\"{&quot;background_background&quot;:&quot;classic&quot;}\">\n\t\t\t\t\t\t\t<div class=\"elementor-background-overlay\"><\/div>\n\t\t\t\t\t\t\t<div class=\"elementor-container elementor-column-gap-wider\">\n\t\t\t\t\t<div class=\"elementor-column elementor-col-50 elementor-top-column elementor-element elementor-element-611efb04\" data-id=\"611efb04\" data-element_type=\"column\" data-e-type=\"column\">\n\t\t\t<div class=\"elementor-widget-wrap elementor-element-populated\">\n\t\t\t\t\t\t<div class=\"elementor-element elementor-element-5939d98f elementor-invisible elementor-widget elementor-widget-heading\" data-id=\"5939d98f\" data-element_type=\"widget\" data-e-type=\"widget\" data-settings=\"{&quot;_animation&quot;:&quot;fadeIn&quot;,&quot;_animation_delay&quot;:50}\" data-widget_type=\"heading.default\">\n\t\t\t\t<div class=\"elementor-widget-container\">\n\t\t\t\t\t<h2 class=\"elementor-heading-title elementor-size-default\">el comit\u00e9<\/h2>\t\t\t\t<\/div>\n\t\t\t\t<\/div>\n\t\t\t\t<div class=\"elementor-element elementor-element-37a8215 elementor-invisible elementor-widget elementor-widget-heading\" data-id=\"37a8215\" data-element_type=\"widget\" data-e-type=\"widget\" data-settings=\"{&quot;_animation&quot;:&quot;fadeIn&quot;,&quot;_animation_delay&quot;:100}\" data-widget_type=\"heading.default\">\n\t\t\t\t<div class=\"elementor-widget-container\">\n\t\t\t\t\t<h2 class=\"elementor-heading-title elementor-size-default\">SSR Colliguay<\/h2>\t\t\t\t<\/div>\n\t\t\t\t<\/div>\n\t\t\t\t<div class=\"elementor-element elementor-element-71b59257 elementor-widget-divider--view-line elementor-invisible elementor-widget elementor-widget-divider\" data-id=\"71b59257\" data-element_type=\"widget\" data-e-type=\"widget\" data-settings=\"{&quot;_animation&quot;:&quot;fadeIn&quot;,&quot;_animation_delay&quot;:150}\" data-widget_type=\"divider.default\">\n\t\t\t\t<div class=\"elementor-widget-container\">\n\t\t\t\t\t\t\t<div class=\"elementor-divider\">\n\t\t\t<span class=\"elementor-divider-separator\">\n\t\t\t\t\t\t<\/span>\n\t\t<\/div>\n\t\t\t\t\t\t<\/div>\n\t\t\t\t<\/div>\n\t\t\t\t<div class=\"elementor-element elementor-element-149c5392 elementor-invisible elementor-widget elementor-widget-heading\" data-id=\"149c5392\" data-element_type=\"widget\" data-e-type=\"widget\" data-settings=\"{&quot;_animation&quot;:&quot;fadeIn&quot;,&quot;_animation_delay&quot;:200}\" data-widget_type=\"heading.default\">\n\t\t\t\t<div class=\"elementor-widget-container\">\n\t\t\t\t\t<h2 class=\"elementor-heading-title elementor-size-default\">Organizaci\u00f3n Comunitaria de car\u00e1cter funcional, sin fines de lucro, de duraci\u00f3n indefinida, con ilimitado n\u00famero de socios, que se denomina <b>\"COMIT\u00c9 DE AGUA POTABLE RURAL EL MOLINO LOS YUYOS DE COLLIGUAY\"<\/b>, ubicado en la localidad de Colliguay,  comuna de Quilpu\u00e9, Provincia de Marga Marga, Regi\u00f3n de Valpara\u00edso<\/h2>\t\t\t\t<\/div>\n\t\t\t\t<\/div>\n\t\t\t\t<section class=\"elementor-section elementor-inner-section elementor-element elementor-element-68b9cf37 elementor-section-boxed elementor-section-height-default elementor-section-height-default elementor-invisible\" data-id=\"68b9cf37\" data-element_type=\"section\" data-e-type=\"section\" data-settings=\"{&quot;animation&quot;:&quot;fadeIn&quot;,&quot;animation_delay&quot;:300}\">\n\t\t\t\t\t\t<div class=\"elementor-container elementor-column-gap-no\">\n\t\t\t\t\t<div class=\"elementor-column elementor-col-100 elementor-inner-column elementor-element elementor-element-2f1cb8c2\" data-id=\"2f1cb8c2\" data-element_type=\"column\" data-e-type=\"column\">\n\t\t\t<div class=\"elementor-widget-wrap elementor-element-populated\">\n\t\t\t\t\t\t<div class=\"elementor-element elementor-element-4f9f2422 elementor-widget elementor-widget-heading\" data-id=\"4f9f2422\" data-element_type=\"widget\" data-e-type=\"widget\" data-widget_type=\"heading.default\">\n\t\t\t\t<div class=\"elementor-widget-container\">\n\t\t\t\t\t<h2 class=\"elementor-heading-title elementor-size-default\">su misi\u00f3n<\/h2>\t\t\t\t<\/div>\n\t\t\t\t<\/div>\n\t\t\t\t<div class=\"elementor-element elementor-element-e73dcd1 elementor-widget elementor-widget-text-editor\" data-id=\"e73dcd1\" data-element_type=\"widget\" data-e-type=\"widget\" data-widget_type=\"text-editor.default\">\n\t\t\t\t<div class=\"elementor-widget-container\">\n\t\t\t\t\t\t\t\t\t<p>El objetivo principal del Comit\u00e9 es administrar, operar, mantener y ampliar toda la infraestructura, adem\u00e1s de reponer los equipos e instalaciones que hayan cumplido su vida \u00fatil, correspondientes al Sistema de Agua Potable Rural El Molino Los Yuyos de Colliguay, que beneficia a la localidad de Colliguay. Esto incluye tanto la infraestructura que pertenezca al Estado y haya sido entregada en administraci\u00f3n al Comit\u00e9 para los fines se\u00f1alados, como aquella que se le transfiera a cualquier t\u00edtulo en el futuro, as\u00ed como la construida e instalada directamente por el Comit\u00e9, todo ello con la asesor\u00eda y supervisi\u00f3n de la Direcci\u00f3n de Obras Hidr\u00e1ulicas del Ministerio de Obras P\u00fablicas.<\/p><p>\u00a0<\/p>\t\t\t\t\t\t\t\t<\/div>\n\t\t\t\t<\/div>\n\t\t\t\t\t<\/div>\n\t\t<\/div>\n\t\t\t\t\t<\/div>\n\t\t<\/section>\n\t\t\t\t\t<\/div>\n\t\t<\/div>\n\t\t\t\t<div class=\"elementor-column elementor-col-50 elementor-top-column elementor-element elementor-element-57665aec\" data-id=\"57665aec\" data-element_type=\"column\" data-e-type=\"column\">\n\t\t\t<div class=\"elementor-widget-wrap elementor-element-populated\">\n\t\t\t\t\t\t<div class=\"elementor-element elementor-element-70ce665f elementor-invisible elementor-widget elementor-widget-image\" data-id=\"70ce665f\" data-element_type=\"widget\" data-e-type=\"widget\" data-settings=\"{&quot;_animation&quot;:&quot;fadeIn&quot;,&quot;_animation_delay&quot;:350}\" data-widget_type=\"image.default\">\n\t\t\t\t<div class=\"elementor-widget-container\">\n\t\t\t\t\t\t\t\t\t\t\t\t\t\t\t<img decoding=\"async\" src=\"https:\/\/aguacolliguay.cl\/_web\/wp-content\/uploads\/elementor\/thumbs\/DSC_2269-qqoeaz7gno7ewfvg4jgqpcbsb44qoeovr5rbd1rp3m.jpg\" title=\"DSC_2269\" alt=\"DSC_2269\" loading=\"lazy\" \/>\t\t\t\t\t\t\t\t\t\t\t\t\t\t\t<\/div>\n\t\t\t\t<\/div>\n\t\t\t\t<div class=\"elementor-element elementor-element-6e58db63 elementor-widget elementor-widget-heading\" data-id=\"6e58db63\" data-element_type=\"widget\" data-e-type=\"widget\" data-widget_type=\"heading.default\">\n\t\t\t\t<div class=\"elementor-widget-container\">\n\t\t\t\t\t<h2 class=\"elementor-heading-title elementor-size-default\">Estamos ubicados en El Molino S\/N Colliguay, Ruta F-760 Km. 28, Quilpu\u00e9.<\/h2>\t\t\t\t<\/div>\n\t\t\t\t<\/div>\n\t\t\t\t<section class=\"elementor-section elementor-inner-section elementor-element elementor-element-70fd98ca elementor-section-boxed elementor-section-height-default elementor-section-height-default elementor-invisible\" data-id=\"70fd98ca\" data-element_type=\"section\" data-e-type=\"section\" data-settings=\"{&quot;animation&quot;:&quot;fadeIn&quot;,&quot;animation_delay&quot;:300}\">\n\t\t\t\t\t\t<div class=\"elementor-container elementor-column-gap-no\">\n\t\t\t\t\t<div class=\"elementor-column elementor-col-100 elementor-inner-column elementor-element elementor-element-416addd6\" data-id=\"416addd6\" data-element_type=\"column\" data-e-type=\"column\">\n\t\t\t<div class=\"elementor-widget-wrap elementor-element-populated\">\n\t\t\t\t\t\t<div class=\"elementor-element elementor-element-325f7908 elementor-widget elementor-widget-heading\" data-id=\"325f7908\" data-element_type=\"widget\" data-e-type=\"widget\" data-widget_type=\"heading.default\">\n\t\t\t\t<div class=\"elementor-widget-container\">\n\t\t\t\t\t<h2 class=\"elementor-heading-title elementor-size-default\">aviso<\/h2>\t\t\t\t<\/div>\n\t\t\t\t<\/div>\n\t\t\t\t<div class=\"elementor-element elementor-element-5b5137e7 elementor-widget elementor-widget-text-editor\" data-id=\"5b5137e7\" data-element_type=\"widget\" data-e-type=\"widget\" data-widget_type=\"text-editor.default\">\n\t\t\t\t<div class=\"elementor-widget-container\">\n\t\t\t\t\t\t\t\t\t<p style=\"text-align: center;\">SITIO EN DESARROLO<\/p>\t\t\t\t\t\t\t\t<\/div>\n\t\t\t\t<\/div>\n\t\t\t\t\t<\/div>\n\t\t<\/div>\n\t\t\t\t\t<\/div>\n\t\t<\/section>\n\t\t\t\t\t<\/div>\n\t\t<\/div>\n\t\t\t\t\t<\/div>\n\t\t<\/section>\n\t\t\t\t<\/div>\n\t\t","protected":false},"excerpt":{"rendered":"<p>el comit\u00e9 SSR Colliguay Organizaci\u00f3n Comunitaria de car\u00e1cter funcional, sin fines de lucro, de duraci\u00f3n indefinida, con ilimitado n\u00famero de socios, que se denomina \u00abCOMIT\u00c9 DE AGUA POTABLE RURAL EL MOLINO LOS YUYOS DE COLLIGUAY\u00bb, ubicado en la localidad de Colliguay, comuna de Quilpu\u00e9, Provincia de Marga Marga, Regi\u00f3n de Valpara\u00edso su misi\u00f3n El objetivo [&hellip;]<\/p>\n","protected":false},"author":1,"featured_media":0,"parent":0,"menu_order":0,"comment_status":"closed","ping_status":"closed","template":"","meta":{"footnotes":""},"class_list":["post-1116","page","type-page","status-publish","hentry"],"_links":{"self":[{"href":"https:\/\/aguacolliguay.cl\/_web\/wp-json\/wp\/v2\/pages\/1116","targetHints":{"allow":["GET"]}}],"collection":[{"href":"https:\/\/aguacolliguay.cl\/_web\/wp-json\/wp\/v2\/pages"}],"about":[{"href":"https:\/\/aguacolliguay.cl\/_web\/wp-json\/wp\/v2\/types\/page"}],"author":[{"embeddable":true,"href":"https:\/\/aguacolliguay.cl\/_web\/wp-json\/wp\/v2\/users\/1"}],"replies":[{"embeddable":true,"href":"https:\/\/aguacolliguay.cl\/_web\/wp-json\/wp\/v2\/comments?post=1116"}],"version-history":[{"count":85,"href":"https:\/\/aguacolliguay.cl\/_web\/wp-json\/wp\/v2\/pages\/1116\/revisions"}],"predecessor-version":[{"id":4025,"href":"https:\/\/aguacolliguay.cl\/_web\/wp-json\/wp\/v2\/pages\/1116\/revisions\/4025"}],"wp:attachment":[{"href":"https:\/\/aguacolliguay.cl\/_web\/wp-json\/wp\/v2\/media?parent=1116"}],"curies":[{"name":"wp","href":"https:\/\/api.w.org\/{rel}","templated":true}]}}